{"id":615,"date":"2023-08-12T15:57:16","date_gmt":"2023-08-12T13:57:16","guid":{"rendered":"https:\/\/www.pelko-kovac.si\/stvarno-pravo\/"},"modified":"2023-08-16T20:42:54","modified_gmt":"2023-08-16T18:42:54","slug":"property-law","status":"publish","type":"page","link":"https:\/\/www.pelko-kovac.si\/en\/property-law\/","title":{"rendered":"Property law"},"content":{"rendered":"\t\t<div data-elementor-type=\"wp-page\" data-elementor-id=\"615\" class=\"elementor elementor-615 elementor-424\" data-elementor-post-type=\"page\">\n\t\t\t\t<div class=\"elementor-element elementor-element-2c41224 e-con-full e-flex e-con e-parent\" data-id=\"2c41224\" data-element_type=\"container\" data-e-type=\"container\" data-settings=\"{&quot;background_background&quot;:&quot;classic&quot;}\">\n\t\t\t\t<\/div>\n\t\t<div class=\"elementor-element elementor-element-28588fe e-flex e-con-boxed e-con e-parent\" data-id=\"28588fe\" data-element_type=\"container\" data-e-type=\"container\">\n\t\t\t\t\t<div class=\"e-con-inner\">\n\t\t\t\t<div class=\"elementor-element elementor-element-445e27d elementor-widget elementor-widget-spacer\" data-id=\"445e27d\" data-element_type=\"widget\" data-e-type=\"widget\" data-widget_type=\"spacer.default\">\n\t\t\t\t<div class=\"elementor-widget-container\">\n\t\t\t\t\t\t\t<div class=\"elementor-spacer\">\n\t\t\t<div class=\"elementor-spacer-inner\"><\/div>\n\t\t<\/div>\n\t\t\t\t\t\t<\/div>\n\t\t\t\t<\/div>\n\t\t\t\t\t<\/div>\n\t\t\t\t<\/div>\n\t\t<div class=\"elementor-element elementor-element-fcce5e4 e-flex e-con-boxed e-con e-parent\" data-id=\"fcce5e4\" data-element_type=\"container\" data-e-type=\"container\">\n\t\t\t\t\t<div class=\"e-con-inner\">\n\t\t<div class=\"elementor-element elementor-element-80820b4 e-con-full e-flex e-con e-parent\" data-id=\"80820b4\" data-element_type=\"container\" data-e-type=\"container\">\n\t\t\t\t<div class=\"elementor-element elementor-element-d31c37c elementor-widget elementor-widget-text-editor\" data-id=\"d31c37c\" data-element_type=\"widget\" data-e-type=\"widget\" data-widget_type=\"text-editor.default\">\n\t\t\t\t<div class=\"elementor-widget-container\">\n\t\t\t\t\t\t\t\t\t<ul><li>Real estate sale contracts.<\/li><li>Leases.<\/li><li>Disputes pertaining to estates.<\/li><li>Easement agreements and registration.<\/li><li>Division of real estate.<\/li><li>Composing debt cancellation contracts.<\/li><li>Managing real estate insurance processes.<\/li><li>Mortgage contracts.<\/li><li>Land registration.<\/li><\/ul>\t\t\t\t\t\t\t\t<\/div>\n\t\t\t\t<\/div>\n\t\t\t\t<\/div>\n\t\t<div class=\"elementor-element elementor-element-d180ad5 e-con-full e-flex e-con e-parent\" data-id=\"d180ad5\" data-element_type=\"container\" data-e-type=\"container\">\n\t\t\t\t<div class=\"elementor-element elementor-element-1d0b7b0 widget-divider-yes dt-nav-menu_align-left dt-sub-menu_align-left elementor-widget elementor-widget-the7_nav-menu\" data-id=\"1d0b7b0\" data-element_type=\"widget\" data-e-type=\"widget\" data-settings=\"{&quot;submenu_display&quot;:&quot;always&quot;}\" data-widget_type=\"the7_nav-menu.default\">\n\t\t\t\t<div class=\"elementor-widget-container\">\n\t\t\t\t\t<h4 class=\"rp-heading\">Podro\u010dja prava<\/h4><nav class=\"dt-nav-menu--main dt-nav-menu__container dt-sub-menu-display-always dt-icon-align- dt-icon-position- dt-sub-icon-position- dt-sub-icon-align-\"><ul class=\"dt-nav-menu\"><li class=\"menu-item menu-item-type-post_type menu-item-object-page menu-item-759 first depth-0\"><a href='https:\/\/www.pelko-kovac.si\/en\/criminal-law\/' data-level='1'><span class=\"item-content\"><span class=\"menu-item-text\"><span class=\"menu-text\">Criminal law<\/span><\/span><\/span><span class=\"\" data-icon = \"\"> <\/span><\/a><\/li> <li class=\"menu-item menu-item-type-post_type menu-item-object-page menu-item-760 depth-0\"><a href='https:\/\/www.pelko-kovac.si\/en\/inheritance-law-and-family-law\/' data-level='1'><span class=\"item-content\"><span class=\"menu-item-text\"><span class=\"menu-text\">Inheritance law and family law<\/span><\/span><\/span><span class=\"\" data-icon = \"\"> <\/span><\/a><\/li> <li class=\"menu-item menu-item-type-post_type menu-item-object-page menu-item-761 depth-0\"><a href='https:\/\/www.pelko-kovac.si\/en\/property-law\/' data-level='1'><span class=\"item-content\"><span class=\"menu-item-text\"><span class=\"menu-text\">Property law<\/span><\/span><\/span><span class=\"\" data-icon = \"\"> <\/span><\/a><\/li> <li class=\"menu-item menu-item-type-post_type menu-item-object-page menu-item-762 depth-0\"><a href='https:\/\/www.pelko-kovac.si\/en\/civil-law\/' data-level='1'><span class=\"item-content\"><span class=\"menu-item-text\"><span class=\"menu-text\">Civil law<\/span><\/span><\/span><span class=\"\" data-icon = \"\"> <\/span><\/a><\/li> <li class=\"menu-item menu-item-type-post_type menu-item-object-page menu-item-763 depth-0\"><a href='https:\/\/www.pelko-kovac.si\/en\/commercial-law\/' data-level='1'><span class=\"item-content\"><span class=\"menu-item-text\"><span class=\"menu-text\">Commercial law<\/span><\/span><\/span><span class=\"\" data-icon = \"\"> <\/span><\/a><\/li> <li class=\"menu-item menu-item-type-post_type menu-item-object-page menu-item-764 depth-0\"><a href='https:\/\/www.pelko-kovac.si\/en\/labor-law\/' data-level='1'><span class=\"item-content\"><span class=\"menu-item-text\"><span class=\"menu-text\">Labor law<\/span><\/span><\/span><span class=\"\" data-icon = \"\"> <\/span><\/a><\/li> <li class=\"menu-item menu-item-type-post_type menu-item-object-page menu-item-765 last depth-0\"><a href='https:\/\/www.pelko-kovac.si\/en\/misdemeanor-law\/' data-level='1'><span class=\"item-content\"><span class=\"menu-item-text\"><span class=\"menu-text\">Misdemeanor law<\/span><\/span><\/span><span class=\"\" data-icon = \"\"> <\/span><\/a><\/li> <\/ul><\/nav>\t\t\t\t<\/div>\n\t\t\t\t<\/div>\n\t\t\t\t<\/div>\n\t\t\t\t\t<\/div>\n\t\t\t\t<\/div>\n\t\t<div class=\"elementor-element elementor-element-c67ff58 e-flex e-con-boxed e-con e-parent\" data-id=\"c67ff58\" data-element_type=\"container\" data-e-type=\"container\">\n\t\t\t\t\t<div class=\"e-con-inner\">\n\t\t\t\t<div class=\"elementor-element elementor-element-0962b48 elementor-widget elementor-widget-spacer\" data-id=\"0962b48\" data-element_type=\"widget\" data-e-type=\"widget\" data-widget_type=\"spacer.default\">\n\t\t\t\t<div class=\"elementor-widget-container\">\n\t\t\t\t\t\t\t<div class=\"elementor-spacer\">\n\t\t\t<div class=\"elementor-spacer-inner\"><\/div>\n\t\t<\/div>\n\t\t\t\t\t\t<\/div>\n\t\t\t\t<\/div>\n\t\t\t\t\t<\/div>\n\t\t\t\t<\/div>\n\t\t\t\t<\/div>\n\t\t","protected":false},"excerpt":{"rendered":"<p>kupoprodajne pogodbe za nepremi\u010dnine, najemne pogodbe, posestni spori, ustanovitev in vpis slu\u017enosti, zastopanje v postopku delitve nepremi\u010dnin, izdelava izbrisanih pobotnic, vodenje postopkov zavarovanja na nepremi\u010dninah, pogodbe o ustanovitvi hipoteke, vpis v zemlji\u0161ko knjigo.<\/p>\n","protected":false},"author":1,"featured_media":0,"parent":0,"menu_order":0,"comment_status":"closed","ping_status":"closed","template":"elementor_header_footer","meta":{"footnotes":""},"class_list":["post-615","page","type-page","status-publish","hentry"],"_links":{"self":[{"href":"https:\/\/www.pelko-kovac.si\/en\/wp-json\/wp\/v2\/pages\/615","targetHints":{"allow":["GET"]}}],"collection":[{"href":"https:\/\/www.pelko-kovac.si\/en\/wp-json\/wp\/v2\/pages"}],"about":[{"href":"https:\/\/www.pelko-kovac.si\/en\/wp-json\/wp\/v2\/types\/page"}],"author":[{"embeddable":true,"href":"https:\/\/www.pelko-kovac.si\/en\/wp-json\/wp\/v2\/users\/1"}],"replies":[{"embeddable":true,"href":"https:\/\/www.pelko-kovac.si\/en\/wp-json\/wp\/v2\/comments?post=615"}],"version-history":[{"count":11,"href":"https:\/\/www.pelko-kovac.si\/en\/wp-json\/wp\/v2\/pages\/615\/revisions"}],"predecessor-version":[{"id":834,"href":"https:\/\/www.pelko-kovac.si\/en\/wp-json\/wp\/v2\/pages\/615\/revisions\/834"}],"wp:attachment":[{"href":"https:\/\/www.pelko-kovac.si\/en\/wp-json\/wp\/v2\/media?parent=615"}],"curies":[{"name":"wp","href":"https:\/\/api.w.org\/{rel}","templated":true}]}}